{"id":490,"date":"2022-02-16T10:27:11","date_gmt":"2022-02-16T10:27:11","guid":{"rendered":"http:\/\/faiberkomposit.se\/material\/"},"modified":"2022-03-03T17:00:21","modified_gmt":"2022-03-03T17:00:21","slug":"material","status":"publish","type":"page","link":"http:\/\/faiberkomposit.se\/en\/material\/","title":{"rendered":"MATERIAL"},"content":{"rendered":"\n<div class=\"wp-block-cover alignfull\" style=\"min-height:400px;aspect-ratio:unset;\"><span aria-hidden=\"true\" class=\"has-ast-global-color-2-background-color wp-block-cover__gradient-background has-background-dim\"><\/span><img loading=\"lazy\" decoding=\"async\" width=\"2560\" height=\"1463\" class=\"wp-block-cover__image-background wp-image-189\" alt=\"\" src=\"http:\/\/faiberkomposit.se\/wp-content\/uploads\/2022\/02\/kolfiber-hero-scaled.jpg\" data-object-fit=\"cover\" srcset=\"http:\/\/faiberkomposit.se\/wp-content\/uploads\/2022\/02\/kolfiber-hero-scaled.jpg 2560w, http:\/\/faiberkomposit.se\/wp-content\/uploads\/2022\/02\/kolfiber-hero-300x171.jpg 300w, http:\/\/faiberkomposit.se\/wp-content\/uploads\/2022\/02\/kolfiber-hero-1024x585.jpg 1024w, http:\/\/faiberkomposit.se\/wp-content\/uploads\/2022\/02\/kolfiber-hero-768x439.jpg 768w, http:\/\/faiberkomposit.se\/wp-content\/uploads\/2022\/02\/kolfiber-hero-1536x878.jpg 1536w, http:\/\/faiberkomposit.se\/wp-content\/uploads\/2022\/02\/kolfiber-hero-2048x1170.jpg 2048w\" sizes=\"auto, (max-width: 2560px) 100vw, 2560px\" \/><div class=\"wp-block-cover__inner-container is-layout-flow wp-block-cover-is-layout-flow\">\n<h1 class=\"has-text-align-center wp-block-heading\" id=\"kompetent-komposit\" style=\"font-style:normal;font-weight:300\">COMPOSITE<\/h1>\n\n\n\n<p class=\"has-text-align-center has-medium-font-size\" id=\"kompetent-komposit\" style=\"font-style:normal;font-weight:400\">Why should you select composite instead of traditional materials? In many cases, composite combines a number of different properties which other materials lack. Many of our customers choose composite because it is light and strong. Others have discovered that it is only composite material which can handle the tough environment where the product will be used. A unique advantage is that the composite can be combined from different types of materials and tailored to precisely your requirements. For example, you can have a material that is flexible and adaptable or a composite that is thin, has torsional rigidity and a high level of strength.<\/p>\n<\/div><\/div>\n\n\n\n<section class=\"wp-block-uagb-columns uagb-columns__wrap uagb-columns__background-image uagb-columns__stack-mobile uagb-columns__valign-top uagb-columns__gap-15 alignfull uagb-block-3b8f85fe\"><div class=\"uagb-columns__overlay\"><\/div><div class=\"uagb-columns__inner-wrap uagb-columns__columns-3\">\n<div class=\"wp-block-uagb-column uagb-column__wrap uagb-column__background-undefined uagb-block-93a3ae5c\"><div class=\"uagb-column__overlay\"><\/div><div class=\"uagb-column__inner-wrap\">\n<h4 class=\"has-ast-global-color-7-color has-text-color wp-block-heading\" id=\"nar-1-1-blir-nagot-helt-enastaende\" style=\"font-style:normal;font-weight:500;text-transform:uppercase\">When 1 + 1 becomes something <br>absolutely exceptional<\/h4>\n\n\n\n<p id=\"nar-1-1-blir-nagot-helt-enastaende\">P\u00e5 Faiber har vi specialiserat oss p\u00e5 komposittillverkning och jobbar med alla m\u00f6jliga sorters polymera At Faiber we have specialised in composite manufacturing and work with every conceivable kind of polymer fibre composites. A feature of these materials is that a fibre and a plastic join forces to create a material with a specific character. By combining a certain type of fibre with a selected plastic, we can manufacture composite materials with unique properties. In other words, customised solutions for precisely your requirements.<\/p>\n<\/div><\/div>\n\n\n\n<div class=\"wp-block-uagb-column uagb-column__wrap uagb-column__background-undefined uagb-block-65c9ad43\"><div class=\"uagb-column__overlay\"><\/div><div class=\"uagb-column__inner-wrap\">\n<h4 class=\"has-ast-global-color-7-color has-text-color wp-block-heading\" id=\"fiber-for-alla-tankbara-anvadningsomraden\" style=\"font-style:normal;font-weight:500;text-transform:uppercase\">Fibre for every <br>conceivable application<\/h4>\n\n\n\n<p>We have a number of different kinds of fibre from which to choose.<\/p>\n\n\n\n<ul class=\"wp-block-list\"><li>Glass fibre \u2013 cut into sheets or in the form of various kinds of woven fabrics. Glass fibre can also be supplied knitted into multi-axial products with two, three or four directions.<br><\/li><li>Carbon fibre \u2013 aramid fibre and natural fibre. These materials can be supplied in a number of different designs depending on application.<\/li><\/ul>\n<\/div><\/div>\n\n\n\n<div class=\"wp-block-uagb-column uagb-column__wrap uagb-column__background-undefined uagb-block-42cc644e\"><div class=\"uagb-column__overlay\"><\/div><div class=\"uagb-column__inner-wrap\">\n<h4 class=\"has-ast-global-color-7-color has-text-color wp-block-heading\" id=\"matris-plast\" style=\"font-style:normal;font-weight:500\">MATRIX<br>(PLASTIC)<\/h4>\n\n\n\n<p>Combining the fibres with a certain type of matrix material depends entirely on the requirements placed on the finished composite. We assist you to find the optimum combination. We use polyester, polyvinyl ester and epoxy in a range of variants. Each variant has its own specific properties.<\/p>\n<\/div><\/div>\n<\/div><\/section>\n\n\n\n<section class=\"wp-block-uagb-columns uagb-columns__wrap uagb-columns__background-none uagb-columns__stack-mobile uagb-columns__valign-undefined uagb-columns__gap-10 alignfull uagb-block-f5d37003\"><div class=\"uagb-columns__overlay\"><\/div><div class=\"uagb-columns__inner-wrap uagb-columns__columns-1\">\n<div class=\"wp-block-uagb-column uagb-column__wrap uagb-column__background-undefined uagb-block-4df42821\"><div class=\"uagb-column__overlay\"><\/div><div class=\"uagb-column__inner-wrap\">\n<section class=\"wp-block-uagb-columns uagb-columns__wrap uagb-columns__background-undefined uagb-columns__stack-mobile uagb-columns__valign-undefined uagb-columns__gap-10 alignundefined uagb-block-cdf84f37\"><div class=\"uagb-columns__overlay\"><\/div><div class=\"uagb-columns__inner-wrap uagb-columns__columns-1\">\n<div class=\"wp-block-uagb-column uagb-column__wrap uagb-column__background-undefined uagb-block-f91a873c\"><div class=\"uagb-column__overlay\"><\/div><div class=\"uagb-column__inner-wrap\">\n<h2 class=\"wp-block-heading\" id=\"komposit-pa-tusen-olika-satt\" style=\"font-style:normal;font-weight:300\">COMPOSITE IN A THOUSAND DIFFERENT WAYS<\/h2>\n<\/div><\/div>\n<\/div><\/section>\n\n\n\n<section class=\"wp-block-uagb-columns uagb-columns__wrap uagb-columns__background-undefined uagb-columns__stack-mobile uagb-columns__valign-undefined uagb-columns__gap-10 alignundefined uagb-block-55a7e3b7\"><div class=\"uagb-columns__overlay\"><\/div><div class=\"uagb-columns__inner-wrap uagb-columns__columns-6\">\n<div class=\"wp-block-uagb-column uagb-column__wrap uagb-column__background-undefined uagb-block-430ee201\"><div class=\"uagb-column__overlay\"><\/div><div class=\"uagb-column__inner-wrap\">\n<figure class=\"wp-block-image size-full\"><img loading=\"lazy\" decoding=\"async\" width=\"500\" height=\"500\" src=\"http:\/\/faiberkomposit.se\/wp-content\/uploads\/2022\/02\/1.jpg\" alt=\"\" class=\"wp-image-191\" srcset=\"http:\/\/faiberkomposit.se\/wp-content\/uploads\/2022\/02\/1.jpg 500w, http:\/\/faiberkomposit.se\/wp-content\/uploads\/2022\/02\/1-300x300.jpg 300w, http:\/\/faiberkomposit.se\/wp-content\/uploads\/2022\/02\/1-150x150.jpg 150w\" sizes=\"auto, (max-width: 500px) 100vw, 500px\" \/><\/figure>\n<\/div><\/div>\n\n\n\n<div class=\"wp-block-uagb-column uagb-column__wrap uagb-column__background-none uagb-block-c3d7bae3\"><div class=\"uagb-column__overlay\"><\/div><div class=\"uagb-column__inner-wrap\">\n<figure class=\"wp-block-image size-full\"><img loading=\"lazy\" decoding=\"async\" width=\"500\" height=\"500\" src=\"http:\/\/faiberkomposit.se\/wp-content\/uploads\/2022\/02\/21.jpg\" alt=\"\" class=\"wp-image-194\" srcset=\"http:\/\/faiberkomposit.se\/wp-content\/uploads\/2022\/02\/21.jpg 500w, http:\/\/faiberkomposit.se\/wp-content\/uploads\/2022\/02\/21-300x300.jpg 300w, http:\/\/faiberkomposit.se\/wp-content\/uploads\/2022\/02\/21-150x150.jpg 150w\" sizes=\"auto, (max-width: 500px) 100vw, 500px\" \/><\/figure>\n<\/div><\/div>\n\n\n\n<div class=\"wp-block-uagb-column uagb-column__wrap uagb-column__background-undefined uagb-block-058e76d8\"><div class=\"uagb-column__overlay\"><\/div><div class=\"uagb-column__inner-wrap\">\n<figure class=\"wp-block-image size-full\"><img loading=\"lazy\" decoding=\"async\" width=\"500\" height=\"500\" src=\"http:\/\/faiberkomposit.se\/wp-content\/uploads\/2022\/02\/3.jpg\" alt=\"\" class=\"wp-image-192\" srcset=\"http:\/\/faiberkomposit.se\/wp-content\/uploads\/2022\/02\/3.jpg 500w, http:\/\/faiberkomposit.se\/wp-content\/uploads\/2022\/02\/3-300x300.jpg 300w, http:\/\/faiberkomposit.se\/wp-content\/uploads\/2022\/02\/3-150x150.jpg 150w\" sizes=\"auto, (max-width: 500px) 100vw, 500px\" \/><\/figure>\n<\/div><\/div>\n\n\n\n<div class=\"wp-block-uagb-column uagb-column__wrap uagb-column__background-undefined uagb-block-fe3f9db4\"><div class=\"uagb-column__overlay\"><\/div><div class=\"uagb-column__inner-wrap\">\n<figure class=\"wp-block-image size-full\"><img loading=\"lazy\" decoding=\"async\" width=\"500\" height=\"500\" src=\"http:\/\/faiberkomposit.se\/wp-content\/uploads\/2022\/02\/4.jpg\" alt=\"\" class=\"wp-image-190\" srcset=\"http:\/\/faiberkomposit.se\/wp-content\/uploads\/2022\/02\/4.jpg 500w, http:\/\/faiberkomposit.se\/wp-content\/uploads\/2022\/02\/4-300x300.jpg 300w, http:\/\/faiberkomposit.se\/wp-content\/uploads\/2022\/02\/4-150x150.jpg 150w\" sizes=\"auto, (max-width: 500px) 100vw, 500px\" \/><\/figure>\n<\/div><\/div>\n\n\n\n<div class=\"wp-block-uagb-column uagb-column__wrap uagb-column__background-undefined uagb-block-788d7f82\"><div class=\"uagb-column__overlay\"><\/div><div class=\"uagb-column__inner-wrap\">\n<figure class=\"wp-block-image size-full\"><img loading=\"lazy\" decoding=\"async\" width=\"500\" height=\"500\" src=\"http:\/\/faiberkomposit.se\/wp-content\/uploads\/2022\/02\/5.jpg\" alt=\"\" class=\"wp-image-193\" srcset=\"http:\/\/faiberkomposit.se\/wp-content\/uploads\/2022\/02\/5.jpg 500w, http:\/\/faiberkomposit.se\/wp-content\/uploads\/2022\/02\/5-300x300.jpg 300w, http:\/\/faiberkomposit.se\/wp-content\/uploads\/2022\/02\/5-150x150.jpg 150w\" sizes=\"auto, (max-width: 500px) 100vw, 500px\" \/><\/figure>\n<\/div><\/div>\n\n\n\n<div class=\"wp-block-uagb-column uagb-column__wrap uagb-column__background-undefined uagb-block-b53c5676\"><div class=\"uagb-column__overlay\"><\/div><div class=\"uagb-column__inner-wrap\">\n<figure class=\"wp-block-image size-full\"><img loading=\"lazy\" decoding=\"async\" width=\"500\" height=\"500\" src=\"http:\/\/faiberkomposit.se\/wp-content\/uploads\/2022\/02\/Plus-1.png\" alt=\"\" class=\"wp-image-195\" srcset=\"http:\/\/faiberkomposit.se\/wp-content\/uploads\/2022\/02\/Plus-1.png 500w, http:\/\/faiberkomposit.se\/wp-content\/uploads\/2022\/02\/Plus-1-300x300.png 300w, http:\/\/faiberkomposit.se\/wp-content\/uploads\/2022\/02\/Plus-1-150x150.png 150w\" sizes=\"auto, (max-width: 500px) 100vw, 500px\" \/><\/figure>\n<\/div><\/div>\n<\/div><\/section>\n<\/div><\/div>\n<\/div><\/section>\n\n\n\n<section class=\"wp-block-uagb-columns uagb-columns__wrap uagb-columns__background-image uagb-columns__stack-mobile uagb-columns__valign-undefined uagb-columns__gap-10 alignfull uagb-block-541170ba\"><div class=\"uagb-columns__overlay\"><\/div><div class=\"uagb-columns__inner-wrap uagb-columns__columns-2\">\n<div class=\"wp-block-uagb-column uagb-column__wrap uagb-column__background-undefined uagb-block-077e0b1f\"><div class=\"uagb-column__overlay\"><\/div><div class=\"uagb-column__inner-wrap\">\n<h2 class=\"wp-block-heading\" id=\"produktion-med-hog-precision-1\" style=\"font-style:normal;font-weight:300;text-transform:uppercase\">Light &amp; strong <\/h2>\n\n\n\n<p>For many of our customers, the composite component\u2019s low weight is of the greatest importance. At the same time, the aim is to have the strongest conceivable material and for the final product to have a very high finish. We are real heavyweights within this area.<\/p>\n<\/div><\/div>\n\n\n\n<div class=\"wp-block-uagb-column uagb-column__wrap uagb-column__background-undefined uagb-block-54a20859\"><div class=\"uagb-column__overlay\"><\/div><div class=\"uagb-column__inner-wrap\">\n<div class=\"wp-block-image\"><figure class=\"aligncenter size-full is-resized\"><img loading=\"lazy\" decoding=\"async\" src=\"http:\/\/faiberkomposit.se\/wp-content\/uploads\/2022\/03\/Kunskap-faiber.png\" alt=\"\" class=\"wp-image-681\" width=\"200\" height=\"183\" srcset=\"http:\/\/faiberkomposit.se\/wp-content\/uploads\/2022\/03\/Kunskap-faiber.png 800w, http:\/\/faiberkomposit.se\/wp-content\/uploads\/2022\/03\/Kunskap-faiber-300x275.png 300w, http:\/\/faiberkomposit.se\/wp-content\/uploads\/2022\/03\/Kunskap-faiber-768x703.png 768w\" sizes=\"auto, (max-width: 200px) 100vw, 200px\" \/><\/figure><\/div>\n<\/div><\/div>\n<\/div><\/section>\n\n\n\n<p><\/p>\n","protected":false},"excerpt":{"rendered":"<p>When 1 + 1 becomes something absolutely exceptional P\u00e5 Faiber har vi specialiserat oss p\u00e5 komposittillverkning och jobbar med alla m\u00f6jliga sorters polymera At Faiber we have specialised in composite manufacturing and work with every conceivable kind of polymer fibre composites. A feature of these materials is that a fibre and a plastic join forces [&hellip;]<\/p>\n","protected":false},"author":1,"featured_media":0,"parent":0,"menu_order":0,"comment_status":"closed","ping_status":"closed","template":"","meta":{"_uag_custom_page_level_css":"","site-sidebar-layout":"no-sidebar","site-content-layout":"plain-container","ast-site-content-layout":"normal-width-container","site-content-style":"unboxed","site-sidebar-style":"unboxed","ast-global-header-display":"","ast-banner-title-visibility":"","ast-main-header-display":"","ast-hfb-above-header-display":"","ast-hfb-below-header-display":"","ast-hfb-mobile-header-display":"","site-post-title":"disabled","ast-breadcrumbs-content":"","ast-featured-img":"","footer-sml-layout":"","theme-transparent-header-meta":"","adv-header-id-meta":"","stick-header-meta":"","header-above-stick-meta":"","header-main-stick-meta":"","header-below-stick-meta":"","astra-migrate-meta-layouts":"default","ast-page-background-enabled":"default","ast-page-background-meta":{"desktop":{"background-color":"var(--ast-global-color-4)","background-image":"","background-repeat":"repeat","background-position":"center center","background-size":"auto","background-attachment":"scroll","background-type":"","background-media":"","overlay-type":"","overlay-color":"","overlay-gradient":""},"tablet":{"background-color":"","background-image":"","background-repeat":"repeat","background-position":"center center","background-size":"auto","background-attachment":"scroll","background-type":"","background-media":"","overlay-type":"","overlay-color":"","overlay-gradient":""},"mobile":{"background-color":"","background-image":"","background-repeat":"repeat","background-position":"center center","background-size":"auto","background-attachment":"scroll","background-type":"","background-media":"","overlay-type":"","overlay-color":"","overlay-gradient":""}},"ast-content-background-meta":{"desktop":{"background-color":"var(--ast-global-color-5)","background-image":"","background-repeat":"repeat","background-position":"center center","background-size":"auto","background-attachment":"scroll","background-type":"","background-media":"","overlay-type":"","overlay-color":"","overlay-gradient":""},"tablet":{"background-color":"var(--ast-global-color-5)","background-image":"","background-repeat":"repeat","background-position":"center center","background-size":"auto","background-attachment":"scroll","background-type":"","background-media":"","overlay-type":"","overlay-color":"","overlay-gradient":""},"mobile":{"background-color":"var(--ast-global-color-5)","background-image":"","background-repeat":"repeat","background-position":"center center","background-size":"auto","background-attachment":"scroll","background-type":"","background-media":"","overlay-type":"","overlay-color":"","overlay-gradient":""}},"footnotes":""},"class_list":["post-490","page","type-page","status-publish","hentry"],"uagb_featured_image_src":{"full":false,"thumbnail":false,"medium":false,"medium_large":false,"large":false,"1536x1536":false,"2048x2048":false},"uagb_author_info":{"display_name":"admin","author_link":"http:\/\/faiberkomposit.se\/en\/author\/admin\/"},"uagb_comment_info":0,"uagb_excerpt":"When 1 + 1 becomes something absolutely exceptional P\u00e5 Faiber har vi specialiserat oss p\u00e5 komposittillverkning och jobbar med alla m\u00f6jliga sorters polymera At Faiber we have specialised in composite manufacturing and work with every conceivable kind of polymer fibre composites. A feature of these materials is that a fibre and a plastic join forces&hellip;","_links":{"self":[{"href":"http:\/\/faiberkomposit.se\/en\/wp-json\/wp\/v2\/pages\/490","targetHints":{"allow":["GET"]}}],"collection":[{"href":"http:\/\/faiberkomposit.se\/en\/wp-json\/wp\/v2\/pages"}],"about":[{"href":"http:\/\/faiberkomposit.se\/en\/wp-json\/wp\/v2\/types\/page"}],"author":[{"embeddable":true,"href":"http:\/\/faiberkomposit.se\/en\/wp-json\/wp\/v2\/users\/1"}],"replies":[{"embeddable":true,"href":"http:\/\/faiberkomposit.se\/en\/wp-json\/wp\/v2\/comments?post=490"}],"version-history":[{"count":5,"href":"http:\/\/faiberkomposit.se\/en\/wp-json\/wp\/v2\/pages\/490\/revisions"}],"predecessor-version":[{"id":707,"href":"http:\/\/faiberkomposit.se\/en\/wp-json\/wp\/v2\/pages\/490\/revisions\/707"}],"wp:attachment":[{"href":"http:\/\/faiberkomposit.se\/en\/wp-json\/wp\/v2\/media?parent=490"}],"curies":[{"name":"wp","href":"https:\/\/api.w.org\/{rel}","templated":true}]}}