{"id":754,"date":"2022-03-03T18:16:22","date_gmt":"2022-03-03T18:16:22","guid":{"rendered":"http:\/\/faiberkomposit.se\/omraden\/"},"modified":"2022-03-03T18:29:55","modified_gmt":"2022-03-03T18:29:55","slug":"application","status":"publish","type":"page","link":"http:\/\/faiberkomposit.se\/en\/application\/","title":{"rendered":"APPLICATION"},"content":{"rendered":"\n<section class=\"wp-block-uagb-columns uagb-columns__wrap uagb-columns__background-undefined uagb-columns__stack-mobile uagb-columns__valign-undefined uagb-columns__gap-10 alignfull uagb-block-19c47293\"><div class=\"uagb-columns__overlay\"><\/div><div class=\"uagb-columns__inner-wrap uagb-columns__columns-3\">\n<div class=\"wp-block-uagb-column uagb-column__wrap uagb-column__background-undefined uagb-block-2ec56b1b\"><div class=\"uagb-column__overlay\"><\/div><div class=\"uagb-column__inner-wrap\">\n<figure class=\"wp-block-image size-full\"><img loading=\"lazy\" decoding=\"async\" width=\"500\" height=\"500\" src=\"http:\/\/faiberkomposit.se\/wp-content\/uploads\/2022\/03\/Balksystem.png\" alt=\"\" class=\"wp-image-741\" srcset=\"http:\/\/faiberkomposit.se\/wp-content\/uploads\/2022\/03\/Balksystem.png 500w, http:\/\/faiberkomposit.se\/wp-content\/uploads\/2022\/03\/Balksystem-300x300.png 300w, http:\/\/faiberkomposit.se\/wp-content\/uploads\/2022\/03\/Balksystem-150x150.png 150w\" sizes=\"auto, (max-width: 500px) 100vw, 500px\" \/><\/figure>\n\n\n\n<h3 class=\"wp-block-heading\" style=\"font-style:normal;font-weight:300\">BEAM SYSTEM AND<br>REINFORCEMENT<\/h3>\n\n\n\n<p>Everything is in place when casting. The result is a finished product complete with beams, framework and reinforcements.<\/p>\n<\/div><\/div>\n\n\n\n<div class=\"wp-block-uagb-column uagb-column__wrap uagb-column__background-undefined uagb-block-5ebc3c4e\"><div class=\"uagb-column__overlay\"><\/div><div class=\"uagb-column__inner-wrap\">\n<figure class=\"wp-block-image size-full\"><img loading=\"lazy\" decoding=\"async\" width=\"500\" height=\"500\" src=\"http:\/\/faiberkomposit.se\/wp-content\/uploads\/2022\/03\/Ambulans-faiber.png\" alt=\"\" class=\"wp-image-739\" srcset=\"http:\/\/faiberkomposit.se\/wp-content\/uploads\/2022\/03\/Ambulans-faiber.png 500w, http:\/\/faiberkomposit.se\/wp-content\/uploads\/2022\/03\/Ambulans-faiber-300x300.png 300w, http:\/\/faiberkomposit.se\/wp-content\/uploads\/2022\/03\/Ambulans-faiber-150x150.png 150w\" sizes=\"auto, (max-width: 500px) 100vw, 500px\" \/><\/figure>\n\n\n\n<h3 class=\"wp-block-heading\" style=\"font-style:normal;font-weight:300\">STRUCTURES\u00a0<br>WITH LOW WEIGHT<\/h3>\n\n\n\n<p>In some situations low weight makes a big difference. A sandwich construction in composite saves a lot of weight at the same time as delivering impressive strength. This carbon fibre body weighs just 1\/3 of the equivalent body in metal.<\/p>\n<\/div><\/div>\n\n\n\n<div class=\"wp-block-uagb-column uagb-column__wrap uagb-column__background-undefined uagb-block-22663855\"><div class=\"uagb-column__overlay\"><\/div><div class=\"uagb-column__inner-wrap\">\n<figure class=\"wp-block-image size-full\"><img loading=\"lazy\" decoding=\"async\" width=\"500\" height=\"500\" src=\"http:\/\/faiberkomposit.se\/wp-content\/uploads\/2022\/03\/Brandklassat.png\" alt=\"\" class=\"wp-image-743\" srcset=\"http:\/\/faiberkomposit.se\/wp-content\/uploads\/2022\/03\/Brandklassat.png 500w, http:\/\/faiberkomposit.se\/wp-content\/uploads\/2022\/03\/Brandklassat-300x300.png 300w, http:\/\/faiberkomposit.se\/wp-content\/uploads\/2022\/03\/Brandklassat-150x150.png 150w\" sizes=\"auto, (max-width: 500px) 100vw, 500px\" \/><\/figure>\n\n\n\n<h3 class=\"wp-block-heading\" style=\"font-style:normal;font-weight:300\">FIRE CLASSIFIED MATERIAL \u2013 ELECTRICALLY CONDUCTING SURFACE<\/h3>\n\n\n\n<p>Sensitive electronic equipment needs to be protected by a casing which has both a conductive ESD surface and a high fire classification. With a composite casing you get both of these properties, as well as lightness and strength.<\/p>\n<\/div><\/div>\n<\/div><\/section>\n\n\n\n<section class=\"wp-block-uagb-columns uagb-columns__wrap uagb-columns__background-undefined uagb-columns__stack-mobile uagb-columns__valign-undefined uagb-columns__gap-10 alignfull uagb-block-a13e5a9d\"><div class=\"uagb-columns__overlay\"><\/div><div class=\"uagb-columns__inner-wrap uagb-columns__columns-3\">\n<div class=\"wp-block-uagb-column uagb-column__wrap uagb-column__background-undefined uagb-block-8f2b6f00\"><div class=\"uagb-column__overlay\"><\/div><div class=\"uagb-column__inner-wrap\">\n<figure class=\"wp-block-image size-full\"><img loading=\"lazy\" decoding=\"async\" width=\"500\" height=\"500\" src=\"http:\/\/faiberkomposit.se\/wp-content\/uploads\/2022\/03\/Korrosionsbesta\u0308ndig.png\" alt=\"\" class=\"wp-image-747\" srcset=\"http:\/\/faiberkomposit.se\/wp-content\/uploads\/2022\/03\/Korrosionsbesta\u0308ndig.png 500w, http:\/\/faiberkomposit.se\/wp-content\/uploads\/2022\/03\/Korrosionsbesta\u0308ndig-300x300.png 300w, http:\/\/faiberkomposit.se\/wp-content\/uploads\/2022\/03\/Korrosionsbesta\u0308ndig-150x150.png 150w\" sizes=\"auto, (max-width: 500px) 100vw, 500px\" \/><\/figure>\n\n\n\n<h3 class=\"wp-block-heading\" style=\"font-style:normal;font-weight:300\">CORROSION RESISTANT<\/h3>\n\n\n\n<p>Composite is extremely durable. The material therefore has a long service life in acidic environments, alkaline surroundings and in harsh outdoor climates.<\/p>\n<\/div><\/div>\n\n\n\n<div class=\"wp-block-uagb-column uagb-column__wrap uagb-column__background-undefined uagb-block-8966a4b5\"><div class=\"uagb-column__overlay\"><\/div><div class=\"uagb-column__inner-wrap\">\n<figure class=\"wp-block-image size-full\"><img loading=\"lazy\" decoding=\"async\" width=\"500\" height=\"500\" src=\"http:\/\/faiberkomposit.se\/wp-content\/uploads\/2022\/03\/design.png\" alt=\"\" class=\"wp-image-745\" srcset=\"http:\/\/faiberkomposit.se\/wp-content\/uploads\/2022\/03\/design.png 500w, http:\/\/faiberkomposit.se\/wp-content\/uploads\/2022\/03\/design-300x300.png 300w, http:\/\/faiberkomposit.se\/wp-content\/uploads\/2022\/03\/design-150x150.png 150w\" sizes=\"auto, (max-width: 500px) 100vw, 500px\" \/><\/figure>\n\n\n\n<h3 class=\"wp-block-heading\" style=\"font-style:normal;font-weight:300\">A DREAM FOR DESIGNERS<\/h3>\n\n\n\n<p>Composite opens up undreamt-of possibilities for design. You can create profiles, double curved surfaces and other exciting shapes. Or produce a part in several colours.<\/p>\n<\/div><\/div>\n\n\n\n<div class=\"wp-block-uagb-column uagb-column__wrap uagb-column__background-undefined uagb-block-cee30737\"><div class=\"uagb-column__overlay\"><\/div><div class=\"uagb-column__inner-wrap\">\n<figure class=\"wp-block-image size-full\"><img loading=\"lazy\" decoding=\"async\" width=\"500\" height=\"500\" src=\"http:\/\/faiberkomposit.se\/wp-content\/uploads\/2022\/03\/prototyper.png\" alt=\"\" class=\"wp-image-749\" srcset=\"http:\/\/faiberkomposit.se\/wp-content\/uploads\/2022\/03\/prototyper.png 500w, http:\/\/faiberkomposit.se\/wp-content\/uploads\/2022\/03\/prototyper-300x300.png 300w, http:\/\/faiberkomposit.se\/wp-content\/uploads\/2022\/03\/prototyper-150x150.png 150w\" sizes=\"auto, (max-width: 500px) 100vw, 500px\" \/><\/figure>\n\n\n\n<h3 class=\"wp-block-heading\" style=\"font-style:normal;font-weight:300\">ALL TYPES OF PROTOTYPES<\/h3>\n\n\n\n<p>L\u00e5t oss g\u00f6ra din prototyp i kompositmaterial. Det g\u00e5r fort, Commission us to make your prototype in composite material. It is fast and precise, as well as cost-effective. We manufacture everything from small components to really large prototypes such as this 12 metre dish.<\/p>\n<\/div><\/div>\n<\/div><\/section>\n\n\n\n<p><\/p>\n","protected":false},"excerpt":{"rendered":"<p>BEAM SYSTEM ANDREINFORCEMENT Everything is in place when casting. The result is a finished product complete with beams, framework and reinforcements. STRUCTURES\u00a0WITH LOW WEIGHT In some situations low weight makes a big difference. A sandwich construction in composite saves a lot of weight at the same time as delivering impressive strength. This carbon fibre body [&hellip;]<\/p>\n","protected":false},"author":1,"featured_media":0,"parent":0,"menu_order":0,"comment_status":"closed","ping_status":"closed","template":"","meta":{"_uag_custom_page_level_css":"","site-sidebar-layout":"no-sidebar","site-content-layout":"plain-container","ast-site-content-layout":"","site-content-style":"default","site-sidebar-style":"default","ast-global-header-display":"","ast-banner-title-visibility":"","ast-main-header-display":"","ast-hfb-above-header-display":"","ast-hfb-below-header-display":"","ast-hfb-mobile-header-display":"","site-post-title":"disabled","ast-breadcrumbs-content":"","ast-featured-img":"","footer-sml-layout":"","theme-transparent-header-meta":"","adv-header-id-meta":"","stick-header-meta":"","header-above-stick-meta":"","header-main-stick-meta":"","header-below-stick-meta":"","astra-migrate-meta-layouts":"default","ast-page-background-enabled":"default","ast-page-background-meta":{"desktop":{"background-color":"var(--ast-global-color-4)","background-image":"","background-repeat":"repeat","background-position":"center center","background-size":"auto","background-attachment":"scroll","background-type":"","background-media":"","overlay-type":"","overlay-color":"","overlay-gradient":""},"tablet":{"background-color":"","background-image":"","background-repeat":"repeat","background-position":"center center","background-size":"auto","background-attachment":"scroll","background-type":"","background-media":"","overlay-type":"","overlay-color":"","overlay-gradient":""},"mobile":{"background-color":"","background-image":"","background-repeat":"repeat","background-position":"center center","background-size":"auto","background-attachment":"scroll","background-type":"","background-media":"","overlay-type":"","overlay-color":"","overlay-gradient":""}},"ast-content-background-meta":{"desktop":{"background-color":"var(--ast-global-color-5)","background-image":"","background-repeat":"repeat","background-position":"center center","background-size":"auto","background-attachment":"scroll","background-type":"","background-media":"","overlay-type":"","overlay-color":"","overlay-gradient":""},"tablet":{"background-color":"var(--ast-global-color-5)","background-image":"","background-repeat":"repeat","background-position":"center center","background-size":"auto","background-attachment":"scroll","background-type":"","background-media":"","overlay-type":"","overlay-color":"","overlay-gradient":""},"mobile":{"background-color":"var(--ast-global-color-5)","background-image":"","background-repeat":"repeat","background-position":"center center","background-size":"auto","background-attachment":"scroll","background-type":"","background-media":"","overlay-type":"","overlay-color":"","overlay-gradient":""}},"footnotes":""},"class_list":["post-754","page","type-page","status-publish","hentry"],"uagb_featured_image_src":{"full":false,"thumbnail":false,"medium":false,"medium_large":false,"large":false,"1536x1536":false,"2048x2048":false},"uagb_author_info":{"display_name":"admin","author_link":"http:\/\/faiberkomposit.se\/en\/author\/admin\/"},"uagb_comment_info":0,"uagb_excerpt":"BEAM SYSTEM ANDREINFORCEMENT Everything is in place when casting. The result is a finished product complete with beams, framework and reinforcements. STRUCTURES\u00a0WITH LOW WEIGHT In some situations low weight makes a big difference. A sandwich construction in composite saves a lot of weight at the same time as delivering impressive strength. This carbon fibre body&hellip;","_links":{"self":[{"href":"http:\/\/faiberkomposit.se\/en\/wp-json\/wp\/v2\/pages\/754","targetHints":{"allow":["GET"]}}],"collection":[{"href":"http:\/\/faiberkomposit.se\/en\/wp-json\/wp\/v2\/pages"}],"about":[{"href":"http:\/\/faiberkomposit.se\/en\/wp-json\/wp\/v2\/types\/page"}],"author":[{"embeddable":true,"href":"http:\/\/faiberkomposit.se\/en\/wp-json\/wp\/v2\/users\/1"}],"replies":[{"embeddable":true,"href":"http:\/\/faiberkomposit.se\/en\/wp-json\/wp\/v2\/comments?post=754"}],"version-history":[{"count":5,"href":"http:\/\/faiberkomposit.se\/en\/wp-json\/wp\/v2\/pages\/754\/revisions"}],"predecessor-version":[{"id":761,"href":"http:\/\/faiberkomposit.se\/en\/wp-json\/wp\/v2\/pages\/754\/revisions\/761"}],"wp:attachment":[{"href":"http:\/\/faiberkomposit.se\/en\/wp-json\/wp\/v2\/media?parent=754"}],"curies":[{"name":"wp","href":"https:\/\/api.w.org\/{rel}","templated":true}]}}