{"id":515,"date":"2022-02-15T13:08:32","date_gmt":"2022-02-15T13:08:32","guid":{"rendered":"http:\/\/faiberkomposit.se\/produktion\/"},"modified":"2022-03-08T12:33:54","modified_gmt":"2022-03-08T12:33:54","slug":"production","status":"publish","type":"page","link":"https:\/\/faiberkomposit.se\/en\/production\/","title":{"rendered":"PRODUCTION"},"content":{"rendered":"<div class=\"n2_clear\"><ss3-force-full-width data-overflow-x=\"body\" data-horizontal-selector=\"body\"><div class=\"n2-section-smartslider fitvidsignore  n2_clear\" data-ssid=\"12\"><div id=\"n2-ss-12-align\" class=\"n2-ss-align\"><div class=\"n2-padding\"><div id=\"n2-ss-12\" data-creator=\"Smart Slider 3\" data-responsive=\"fullwidth\" class=\"n2-ss-slider n2-ow n2-has-hover n2notransition  \">\n        <div class=\"n2-ss-slider-1 n2_ss__touch_element n2-ow\">\n            <div class=\"n2-ss-slider-2 n2-ow\">\n                                                <div class=\"n2-ss-slider-3 n2-ow\">\n\n                    <div class=\"n2-ss-slide-backgrounds n2-ow-all\"><div class=\"n2-ss-slide-background\" data-public-id=\"1\" data-mode=\"fill\"><div class=\"n2-ss-slide-background-image\" data-blur=\"0\" data-opacity=\"100\" data-x=\"50\" data-y=\"50\" data-alt=\"\" data-title=\"\"><picture class=\"skip-lazy\" data-skip-lazy=\"1\"><img decoding=\"async\" src=\"\/\/faiberkomposit.se\/wp-content\/uploads\/2022\/03\/slider-2-scaled.jpg\" alt=\"\" title=\"\" loading=\"lazy\" class=\"skip-lazy\" data-skip-lazy=\"1\"><\/picture><\/div><div data-color=\"RGBA(255,255,255,0)\" style=\"background-color: RGBA(255,255,255,0);\" class=\"n2-ss-slide-background-color\"><\/div><\/div><\/div>                    <div class=\"n2-ss-slider-4 n2-ow\">\n                        <svg xmlns=\"http:\/\/www.w3.org\/2000\/svg\" viewBox=\"0 0 1920 600\" data-related-device=\"desktopPortrait\" class=\"n2-ow n2-ss-preserve-size n2-ss-preserve-size--slider n2-ss-slide-limiter\"><\/svg><div data-first=\"1\" data-slide-duration=\"0\" data-id=\"45\" data-slide-public-id=\"1\" data-title=\"korrekt-komposit\" class=\"n2-ss-slide n2-ow  n2-ss-slide-45\"><div role=\"note\" class=\"n2-ss-slide--focus\" tabindex=\"-1\">korrekt-komposit<\/div><div class=\"n2-ss-layers-container n2-ss-slide-limiter n2-ow\"><div class=\"n2-ss-layer n2-ow n-uc-imFVc7djTPDw\" data-sstype=\"slide\" data-pm=\"default\"><div class=\"n2-ss-layer n2-ow n-uc-QGphtc0oTr8E\" data-pm=\"default\" data-sstype=\"content\" data-hasbackground=\"0\"><div class=\"n2-ss-section-main-content n2-ss-layer-with-background n2-ss-layer-content n2-ow n-uc-QGphtc0oTr8E-inner\"><div class=\"n2-ss-layer n2-ow n-uc-wlWac7yfG2IC\" data-pm=\"absolute\" data-responsiveposition=\"1\" data-desktopportraitleft=\"191\" data-desktopportraittop=\"-7\" data-responsivesize=\"1\" data-desktopportraitwidth=\"356\" data-desktopportraitheight=\"146\" data-desktopportraitalign=\"center\" data-desktopportraitvalign=\"middle\" data-parentid=\"\" data-desktopportraitparentalign=\"center\" data-desktopportraitparentvalign=\"middle\" data-sstype=\"layer\"><div class=\" n2-ss-item-image-content n2-ss-item-content n2-ow-all\"><img loading=\"lazy\" decoding=\"async\" id=\"n2-ss-12item1\" alt=\"\" class=\"skip-lazy\" width=\"275\" height=\"115\" data-skip-lazy=\"1\" src=\"\/\/faiberkomposit.se\/wp-content\/uploads\/2022\/03\/Correct.png\" \/><\/div><\/div><div class=\"n2-ss-layer n2-ow n-uc-tEITD9LSTtc5\" data-pm=\"absolute\" data-responsiveposition=\"1\" data-desktopportraitleft=\"290\" data-desktopportraittop=\"107\" data-responsivesize=\"1\" data-desktopportraitwidth=\"211\" data-desktopportraitheight=\"72\" data-desktopportraitalign=\"center\" data-desktopportraitvalign=\"middle\" data-parentid=\"\" data-desktopportraitparentalign=\"center\" data-desktopportraitparentvalign=\"middle\" data-sstype=\"layer\"><div class=\" n2-ss-item-image-content n2-ss-item-content n2-ow-all\"><img loading=\"lazy\" decoding=\"async\" id=\"n2-ss-12item2\" alt=\"\" class=\"skip-lazy\" width=\"160\" height=\"57\" data-skip-lazy=\"1\" src=\"\/\/faiberkomposit.se\/wp-content\/uploads\/2022\/03\/Comp.png\" \/><\/div><\/div><\/div><\/div><\/div><\/div><\/div>                    <\/div>\n\n                                    <\/div>\n            <\/div>\n        <\/div>\n        <\/div><ss3-loader><\/ss3-loader><\/div><\/div><div class=\"n2_clear\"><\/div><\/div><\/ss3-force-full-width><\/div>\n\n\n<div style=\"height:36px\" aria-hidden=\"true\" class=\"wp-block-spacer\"><\/div>\n\n\n\n<section class=\"wp-block-uagb-columns uagb-columns__wrap uagb-columns__background-undefined uagb-columns__stack-mobile uagb-columns__valign-undefined uagb-columns__gap-10 alignfull uagb-block-da785840\"><div class=\"uagb-columns__overlay\"><\/div><div class=\"uagb-columns__inner-wrap uagb-columns__columns-2\">\n<div class=\"wp-block-uagb-column uagb-column__wrap uagb-column__background-undefined uagb-block-774b93ff\"><div class=\"uagb-column__overlay\"><\/div><div class=\"uagb-column__inner-wrap\">\n<div style=\"height:20px\" aria-hidden=\"true\" class=\"wp-block-spacer\"><\/div>\n\n\n\n<h1 class=\"wp-block-heading\" id=\"produktion-med-hog-precision-1\" style=\"font-style:normal;font-weight:300\">PRODUCTION WITH HIGH PRECISION<\/h1>\n\n\n\n<p id=\"produktion-med-hog-precision-1\">We use several different manufacturing methods in our production plant. This gives you access to a flexible production process which can be adapted to different types of products, a high level of precision in the actual manufacture and very high quality composite components. We combine rational manufacturing with the sense of craftsmanship that derives from many years\u2019 experience of handling different types of materials. The result is semi-finished composite components or complete products where we are also responsible for assembly work.<\/p>\n<\/div><\/div>\n\n\n\n<div class=\"wp-block-uagb-column uagb-column__wrap uagb-column__background-undefined uagb-block-adaa97df\"><div class=\"uagb-column__overlay\"><\/div><div class=\"uagb-column__inner-wrap\">\n<figure class=\"wp-block-image size-full\"><img loading=\"lazy\" decoding=\"async\" width=\"944\" height=\"784\" src=\"http:\/\/faiberkomposit.se\/wp-content\/uploads\/2022\/02\/Faiber-startsida.png\" alt=\"\" class=\"wp-image-27\" srcset=\"https:\/\/faiberkomposit.se\/wp-content\/uploads\/2022\/02\/Faiber-startsida.png 944w, https:\/\/faiberkomposit.se\/wp-content\/uploads\/2022\/02\/Faiber-startsida-300x249.png 300w, https:\/\/faiberkomposit.se\/wp-content\/uploads\/2022\/02\/Faiber-startsida-768x638.png 768w\" sizes=\"auto, (max-width: 944px) 100vw, 944px\" \/><\/figure>\n<\/div><\/div>\n<\/div><\/section>\n\n\n\n<section class=\"wp-block-uagb-columns uagb-columns__wrap uagb-columns__background-image uagb-columns__stack-mobile uagb-columns__valign-undefined uagb-columns__gap-10 alignfull uagb-block-c3ca332a\"><div class=\"uagb-columns__overlay\"><\/div><div class=\"uagb-columns__inner-wrap uagb-columns__columns-1\">\n<div class=\"wp-block-uagb-column uagb-column__wrap uagb-column__background-undefined uagb-block-3060d031\"><div class=\"uagb-column__overlay\"><\/div><div class=\"uagb-column__inner-wrap\">\n<section class=\"wp-block-uagb-columns uagb-columns__wrap uagb-columns__background-undefined uagb-columns__stack-mobile uagb-columns__valign-undefined uagb-columns__gap-10 alignundefined uagb-block-66d0f2f7\"><div class=\"uagb-columns__overlay\"><\/div><div class=\"uagb-columns__inner-wrap uagb-columns__columns-2\">\n<div class=\"wp-block-uagb-column uagb-column__wrap uagb-column__background-undefined uagb-block-80bec231\"><div class=\"uagb-column__overlay\"><\/div><div class=\"uagb-column__inner-wrap\">\n<figure class=\"wp-block-image size-full\"><img loading=\"lazy\" decoding=\"async\" width=\"700\" height=\"466\" src=\"http:\/\/faiberkomposit.se\/wp-content\/uploads\/2022\/02\/Injiceringsteknik.png\" alt=\"\" class=\"wp-image-34\" srcset=\"https:\/\/faiberkomposit.se\/wp-content\/uploads\/2022\/02\/Injiceringsteknik.png 700w, https:\/\/faiberkomposit.se\/wp-content\/uploads\/2022\/02\/Injiceringsteknik-300x200.png 300w\" sizes=\"auto, (max-width: 700px) 100vw, 700px\" \/><\/figure>\n<\/div><\/div>\n\n\n\n<div class=\"wp-block-uagb-column uagb-column__wrap uagb-column__background-undefined uagb-block-774e8808\"><div class=\"uagb-column__overlay\"><\/div><div class=\"uagb-column__inner-wrap\">\n<div style=\"height:20px\" aria-hidden=\"true\" class=\"wp-block-spacer\"><\/div>\n\n\n\n<h2 class=\"wp-block-heading\" id=\"injiceringsteknik-2\" style=\"font-style:normal;font-weight:300\">INJECTION TECHNOLOGY<\/h2>\n\n\n\n<p>Injiceringsteknik kr\u00e4ver kunskap, skicklighet och en hel del erfarenhet. Faiber b\u00f6rjade anv\u00e4nda denna Injection technology requires knowledge, skill and considerable experience. Faiber started using this manufacturing method as early as the late-1980s and has continuously developed the technology. Today 97% of all our production takes place using vacuum injection. This technique provides great flexibility in terms of design, as well as strong and rigid products with low weight.<\/p>\n<\/div><\/div>\n<\/div><\/section>\n\n\n\n<section class=\"wp-block-uagb-columns uagb-columns__wrap uagb-columns__background-undefined uagb-columns__stack-mobile uagb-columns__valign-undefined uagb-columns__gap-10 alignundefined uagb-block-ebad7e98\"><div class=\"uagb-columns__overlay\"><\/div><div class=\"uagb-columns__inner-wrap uagb-columns__columns-2\">\n<div class=\"wp-block-uagb-column uagb-column__wrap uagb-column__background-undefined uagb-block-fbb5af5a\"><div class=\"uagb-column__overlay\"><\/div><div class=\"uagb-column__inner-wrap\">\n<figure class=\"wp-block-image size-full\"><img loading=\"lazy\" decoding=\"async\" width=\"700\" height=\"466\" src=\"http:\/\/faiberkomposit.se\/wp-content\/uploads\/2022\/02\/Handuppla\u0308ggning-sprutteknik.png\" alt=\"\" class=\"wp-image-33\" srcset=\"https:\/\/faiberkomposit.se\/wp-content\/uploads\/2022\/02\/Handuppla\u0308ggning-sprutteknik.png 700w, https:\/\/faiberkomposit.se\/wp-content\/uploads\/2022\/02\/Handuppla\u0308ggning-sprutteknik-300x200.png 300w\" sizes=\"auto, (max-width: 700px) 100vw, 700px\" \/><\/figure>\n<\/div><\/div>\n\n\n\n<div class=\"wp-block-uagb-column uagb-column__wrap uagb-column__background-undefined uagb-block-033ae782\"><div class=\"uagb-column__overlay\"><\/div><div class=\"uagb-column__inner-wrap\">\n<div style=\"height:20px\" aria-hidden=\"true\" class=\"wp-block-spacer\"><\/div>\n\n\n\n<h2 class=\"wp-block-heading\" id=\"injiceringsteknik-2\" style=\"font-style:normal;font-weight:300\">MANUAL SET-UP &amp; SPRAYING TECHNIQUE<\/h2>\n\n\n\n<p>These two so-called open methods are primarily used where injection technology is not possible. It might be with short runs or specially manufactured components.<\/p>\n<\/div><\/div>\n<\/div><\/section>\n<\/div><\/div>\n<\/div><\/section>\n\n\n\n<section class=\"wp-block-uagb-columns uagb-columns__wrap uagb-columns__background-undefined uagb-columns__stack-mobile uagb-columns__valign-undefined uagb-columns__gap-10 alignfull uagb-block-4d0d62f1\"><div class=\"uagb-columns__overlay\"><\/div><div class=\"uagb-columns__inner-wrap uagb-columns__columns-2\">\n<div class=\"wp-block-uagb-column uagb-column__wrap uagb-column__background-undefined uagb-block-eae33945\"><div class=\"uagb-column__overlay\"><\/div><div class=\"uagb-column__inner-wrap\">\n<div style=\"height:20px\" aria-hidden=\"true\" class=\"wp-block-spacer\"><\/div>\n\n\n\n<h2 class=\"wp-block-heading\" id=\"vi-skar-med-oerhord-precision\" style=\"font-style:normal;font-weight:300\">WE CUT WITH INCREDIBLE PRECISION<\/h2>\n\n\n\n<p>A large proportion of our composite components are machined with openings for glass, measuring instruments, lighting, fittings etc. In the majority of cases, we perform the cutting using our water jet robot. This 7-axis water jet cuts with a precision of 1\/10 mm and the actual cut is only a few tenths of a millimetre. It produces fast and highly exact cutting of the composite material.<\/p>\n<\/div><\/div>\n\n\n\n<div class=\"wp-block-uagb-column uagb-column__wrap uagb-column__background-undefined uagb-block-872bfbfe\"><div class=\"uagb-column__overlay\"><\/div><div class=\"uagb-column__inner-wrap\">\n<figure class=\"wp-block-image size-full\"><img loading=\"lazy\" decoding=\"async\" width=\"700\" height=\"466\" src=\"http:\/\/faiberkomposit.se\/wp-content\/uploads\/2022\/02\/Vi-ska\u0308r-med-oerho\u0308rd-precision.jpg\" alt=\"\" class=\"wp-image-35\" srcset=\"https:\/\/faiberkomposit.se\/wp-content\/uploads\/2022\/02\/Vi-ska\u0308r-med-oerho\u0308rd-precision.jpg 700w, https:\/\/faiberkomposit.se\/wp-content\/uploads\/2022\/02\/Vi-ska\u0308r-med-oerho\u0308rd-precision-300x200.jpg 300w\" sizes=\"auto, (max-width: 700px) 100vw, 700px\" \/><\/figure>\n<\/div><\/div>\n<\/div><\/section>\n\n\n\n<section class=\"wp-block-uagb-columns uagb-columns__wrap uagb-columns__background-image uagb-columns__stack-mobile uagb-columns__valign-undefined uagb-columns__gap-10 alignfull uagb-block-587cc265\"><div class=\"uagb-columns__overlay\"><\/div><div class=\"uagb-columns__inner-wrap uagb-columns__columns-1\">\n<div class=\"wp-block-uagb-column uagb-column__wrap uagb-column__background-undefined uagb-block-18667599\"><div class=\"uagb-column__overlay\"><\/div><div class=\"uagb-column__inner-wrap\">\n<section class=\"wp-block-uagb-columns uagb-columns__wrap uagb-columns__background-undefined uagb-columns__stack-mobile uagb-columns__valign-undefined uagb-columns__gap-10 alignundefined uagb-block-52db2186\"><div class=\"uagb-columns__overlay\"><\/div><div class=\"uagb-columns__inner-wrap uagb-columns__columns-2\">\n<div class=\"wp-block-uagb-column uagb-column__wrap uagb-column__background-undefined uagb-block-8609f25a\"><div class=\"uagb-column__overlay\"><\/div><div class=\"uagb-column__inner-wrap\">\n<figure class=\"wp-block-image size-full\"><img loading=\"lazy\" decoding=\"async\" width=\"500\" height=\"500\" src=\"http:\/\/faiberkomposit.se\/wp-content\/uploads\/2022\/03\/Pil-faiber.png\" alt=\"\" class=\"wp-image-718\" srcset=\"https:\/\/faiberkomposit.se\/wp-content\/uploads\/2022\/03\/Pil-faiber.png 500w, https:\/\/faiberkomposit.se\/wp-content\/uploads\/2022\/03\/Pil-faiber-300x300.png 300w, https:\/\/faiberkomposit.se\/wp-content\/uploads\/2022\/03\/Pil-faiber-150x150.png 150w\" sizes=\"auto, (max-width: 500px) 100vw, 500px\" \/><\/figure>\n<\/div><\/div>\n\n\n\n<div class=\"wp-block-uagb-column uagb-column__wrap uagb-column__background-undefined uagb-block-c8514575\"><div class=\"uagb-column__overlay\"><\/div><div class=\"uagb-column__inner-wrap\">\n<div style=\"height:20px\" aria-hidden=\"true\" class=\"wp-block-spacer\"><\/div>\n\n\n\n<h2 class=\"wp-block-heading\" id=\"lat-oss-komma-in-i-ett-tidigt-skede\" style=\"font-style:normal;font-weight:300\">BRING US IN AT AN EARLY STAGE<\/h2>\n\n\n\n<p id=\"lat-oss-komma-in-i-ett-tidigt-skede\">You will obtain the best and most cost-effective results if you bring us in at an early stage when the composite component is being designed. We usually get involved as soon as the customer\u2019s drawing or documentation is produced. This enables us to provide good advice to ensure that the production process goes as smoothly as possible and that the mould is designed optimally. On many occasions we have a close collaboration with our customers as early as the development stage of a new product.<\/p>\n<\/div><\/div>\n<\/div><\/section>\n<\/div><\/div>\n<\/div><\/section>\n","protected":false},"excerpt":{"rendered":"<p>PRODUCTION WITH HIGH PRECISION We use several different manufacturing methods in our production plant. This gives you access to a flexible production process which can be adapted to different types of products, a high level of precision in the actual manufacture and very high quality composite components. We combine rational manufacturing with the sense of [&hellip;]<\/p>\n","protected":false},"author":1,"featured_media":0,"parent":0,"menu_order":0,"comment_status":"closed","ping_status":"closed","template":"","meta":{"_uag_custom_page_level_css":"","site-sidebar-layout":"no-sidebar","site-content-layout":"plain-container","ast-site-content-layout":"","site-content-style":"default","site-sidebar-style":"default","ast-global-header-display":"","ast-banner-title-visibility":"","ast-main-header-display":"","ast-hfb-above-header-display":"","ast-hfb-below-header-display":"","ast-hfb-mobile-header-display":"","site-post-title":"disabled","ast-breadcrumbs-content":"","ast-featured-img":"","footer-sml-layout":"","theme-transparent-header-meta":"","adv-header-id-meta":"","stick-header-meta":"","header-above-stick-meta":"","header-main-stick-meta":"","header-below-stick-meta":"","astra-migrate-meta-layouts":"default","ast-page-background-enabled":"default","ast-page-background-meta":{"desktop":{"background-color":"var(--ast-global-color-4)","background-image":"","background-repeat":"repeat","background-position":"center center","background-size":"auto","background-attachment":"scroll","background-type":"","background-media":"","overlay-type":"","overlay-color":"","overlay-gradient":""},"tablet":{"background-color":"","background-image":"","background-repeat":"repeat","background-position":"center center","background-size":"auto","background-attachment":"scroll","background-type":"","background-media":"","overlay-type":"","overlay-color":"","overlay-gradient":""},"mobile":{"background-color":"","background-image":"","background-repeat":"repeat","background-position":"center center","background-size":"auto","background-attachment":"scroll","background-type":"","background-media":"","overlay-type":"","overlay-color":"","overlay-gradient":""}},"ast-content-background-meta":{"desktop":{"background-color":"var(--ast-global-color-5)","background-image":"","background-repeat":"repeat","background-position":"center center","background-size":"auto","background-attachment":"scroll","background-type":"","background-media":"","overlay-type":"","overlay-color":"","overlay-gradient":""},"tablet":{"background-color":"var(--ast-global-color-5)","background-image":"","background-repeat":"repeat","background-position":"center center","background-size":"auto","background-attachment":"scroll","background-type":"","background-media":"","overlay-type":"","overlay-color":"","overlay-gradient":""},"mobile":{"background-color":"var(--ast-global-color-5)","background-image":"","background-repeat":"repeat","background-position":"center center","background-size":"auto","background-attachment":"scroll","background-type":"","background-media":"","overlay-type":"","overlay-color":"","overlay-gradient":""}},"footnotes":""},"class_list":["post-515","page","type-page","status-publish","hentry"],"uagb_featured_image_src":{"full":false,"thumbnail":false,"medium":false,"medium_large":false,"large":false,"1536x1536":false,"2048x2048":false},"uagb_author_info":{"display_name":"admin","author_link":"https:\/\/faiberkomposit.se\/en\/author\/admin\/"},"uagb_comment_info":0,"uagb_excerpt":"PRODUCTION WITH HIGH PRECISION We use several different manufacturing methods in our production plant. This gives you access to a flexible production process which can be adapted to different types of products, a high level of precision in the actual manufacture and very high quality composite components. We combine rational manufacturing with the sense of&hellip;","_links":{"self":[{"href":"https:\/\/faiberkomposit.se\/en\/wp-json\/wp\/v2\/pages\/515","targetHints":{"allow":["GET"]}}],"collection":[{"href":"https:\/\/faiberkomposit.se\/en\/wp-json\/wp\/v2\/pages"}],"about":[{"href":"https:\/\/faiberkomposit.se\/en\/wp-json\/wp\/v2\/types\/page"}],"author":[{"embeddable":true,"href":"https:\/\/faiberkomposit.se\/en\/wp-json\/wp\/v2\/users\/1"}],"replies":[{"embeddable":true,"href":"https:\/\/faiberkomposit.se\/en\/wp-json\/wp\/v2\/comments?post=515"}],"version-history":[{"count":5,"href":"https:\/\/faiberkomposit.se\/en\/wp-json\/wp\/v2\/pages\/515\/revisions"}],"predecessor-version":[{"id":819,"href":"https:\/\/faiberkomposit.se\/en\/wp-json\/wp\/v2\/pages\/515\/revisions\/819"}],"wp:attachment":[{"href":"https:\/\/faiberkomposit.se\/en\/wp-json\/wp\/v2\/media?parent=515"}],"curies":[{"name":"wp","href":"https:\/\/api.w.org\/{rel}","templated":true}]}}